{"id":1187,"date":"2023-06-21T15:37:57","date_gmt":"2023-06-21T15:37:57","guid":{"rendered":"https:\/\/dev.l-artquarium.ch\/?page_id=1187"},"modified":"2025-03-25T14:46:08","modified_gmt":"2025-03-25T13:46:08","slug":"teachers","status":"publish","type":"page","link":"https:\/\/l-artquarium.ch\/en\/enseignants\/","title":{"rendered":"Teachers"},"content":{"rendered":"\t\t<div data-elementor-type=\"wp-page\" data-elementor-id=\"1187\" class=\"elementor elementor-1187\" data-elementor-post-type=\"page\">\n\t\t\t\t\t\t<section class=\"elementor-section elementor-top-section elementor-element elementor-element-06e9cea elementor-section-height-min-height elementor-section-boxed elementor-section-height-default elementor-section-items-middle\" data-id=\"06e9cea\" data-element_type=\"section\" data-e-type=\"section\" data-settings=\"{&quot;background_background&quot;:&quot;slideshow&quot;,&quot;background_slideshow_gallery&quot;:[{&quot;id&quot;:1746,&quot;url&quot;:&quot;https:\\\/\\\/l-artquarium.ch\\\/wp-content\\\/uploads\\\/2023\\\/08\\\/Equipe.jpg&quot;}],&quot;background_slideshow_ken_burns&quot;:&quot;yes&quot;,&quot;background_slideshow_loop&quot;:&quot;yes&quot;,&quot;background_slideshow_slide_duration&quot;:5000,&quot;background_slideshow_slide_transition&quot;:&quot;fade&quot;,&quot;background_slideshow_transition_duration&quot;:500,&quot;background_slideshow_ken_burns_zoom_direction&quot;:&quot;in&quot;}\">\n\t\t\t\t\t\t\t<div class=\"elementor-background-overlay\"><\/div>\n\t\t\t\t\t\t\t<div class=\"elementor-container elementor-column-gap-default\">\n\t\t\t\t\t<div class=\"elementor-column elementor-col-100 elementor-top-column elementor-element elementor-element-a570bee\" data-id=\"a570bee\" data-element_type=\"column\" data-e-type=\"column\">\n\t\t\t<div class=\"elementor-widget-wrap elementor-element-populated\">\n\t\t\t\t\t\t<div class=\"elementor-element elementor-element-f522944 elementor-widget elementor-widget-heading\" data-id=\"f522944\" data-element_type=\"widget\" data-e-type=\"widget\" data-widget_type=\"heading.default\">\n\t\t\t\t<div class=\"elementor-widget-container\">\n\t\t\t\t\t<h1 class=\"elementor-heading-title elementor-size-default\">D\u00e9couvrez n\u00f4tre \u00e9quipe d'enseignants passionn\u00e9s \u00e0 l'Artquarium<\/h1>\t\t\t\t<\/div>\n\t\t\t\t<\/div>\n\t\t\t\t<div class=\"elementor-element elementor-element-05d8259 elementor-widget elementor-widget-text-editor\" data-id=\"05d8259\" data-element_type=\"widget\" data-e-type=\"widget\" data-widget_type=\"text-editor.default\">\n\t\t\t\t<div class=\"elementor-widget-container\">\n\t\t\t\t\t\t\t\t\t<p>\u00c0 L&rsquo;Artquarium, le v\u00e9ritable enseignement artistique est dispens\u00e9 par des professionnels passionn\u00e9s et qualifi\u00e9s. Nos enseignants \u00e0 Gen\u00e8ve ont un parcours vari\u00e9 et riche en exp\u00e9riences, ce qui leur permet d&rsquo;apporter une perspective unique \u00e0 chaque cours.<\/p><p>Rencontrez nos enseignants d\u00e9vou\u00e9s, apprenez de leurs exp\u00e9riences et laissez-vous inspirer par leur passion pour l&rsquo;art. Du dessin \u00e0 la peinture, de la th\u00e9orie \u00e0 la pratique, nos enseignants vous guideront dans chaque \u00e9tape de votre voyage artistique.<\/p><p>Chaque membre de notre \u00e9quipe joue un r\u00f4le pr\u00e9cieux, contribuant \u00e0 faire de L&rsquo;Artquarium un lieu d&rsquo;apprentissage artistique incomparable \u00e0 Gen\u00e8ve.<\/p>\t\t\t\t\t\t\t\t<\/div>\n\t\t\t\t<\/div>\n\t\t\t\t\t<\/div>\n\t\t<\/div>\n\t\t\t\t\t<\/div>\n\t\t<\/section>\n\t\t\t\t<section class=\"elementor-section elementor-top-section elementor-element elementor-element-a2732ce elementor-section-full_width elementor-section-height-default elementor-section-height-default\" data-id=\"a2732ce\" data-element_type=\"section\" data-e-type=\"section\">\n\t\t\t\t\t\t<div class=\"elementor-container elementor-column-gap-default\">\n\t\t\t\t\t<div class=\"elementor-column elementor-col-100 elementor-top-column elementor-element elementor-element-4e4c241\" data-id=\"4e4c241\" data-element_type=\"column\" data-e-type=\"column\">\n\t\t\t<div class=\"elementor-widget-wrap elementor-element-populated\">\n\t\t\t\t\t\t<div class=\"elementor-element elementor-element-fecbf76 elementor-widget elementor-widget-text-editor\" data-id=\"fecbf76\" data-element_type=\"widget\" data-e-type=\"widget\" data-widget_type=\"text-editor.default\">\n\t\t\t\t<div class=\"elementor-widget-container\">\n\t\t\t\t\t\t\t\t\t<p>Photo du stage sur la composition &#8211; \u00c9t\u00e9 2023<\/p>\t\t\t\t\t\t\t\t<\/div>\n\t\t\t\t<\/div>\n\t\t\t\t\t<\/div>\n\t\t<\/div>\n\t\t\t\t\t<\/div>\n\t\t<\/section>\n\t\t\t\t<section class=\"elementor-section elementor-top-section elementor-element elementor-element-6ae2fb7 elementor-section-boxed elementor-section-height-default elementor-section-height-default\" data-id=\"6ae2fb7\" data-element_type=\"section\" data-e-type=\"section\">\n\t\t\t\t\t\t<div class=\"elementor-container elementor-column-gap-default\">\n\t\t\t\t\t<div class=\"elementor-column elementor-col-100 elementor-top-column elementor-element elementor-element-06b7d39\" data-id=\"06b7d39\" data-element_type=\"column\" data-e-type=\"column\">\n\t\t\t<div class=\"elementor-widget-wrap elementor-element-populated\">\n\t\t\t\t\t\t<div class=\"elementor-element elementor-element-48a1a59 elementor-widget elementor-widget-heading\" data-id=\"48a1a59\" data-element_type=\"widget\" data-e-type=\"widget\" data-widget_type=\"heading.default\">\n\t\t\t\t<div class=\"elementor-widget-container\">\n\t\t\t\t\t<h2 class=\"elementor-heading-title elementor-size-default\">Gilbert Wolfisberg<\/h2>\t\t\t\t<\/div>\n\t\t\t\t<\/div>\n\t\t\t\t<section class=\"elementor-section elementor-inner-section elementor-element elementor-element-d7281f7 elementor-section-content-middle elementor-section-boxed elementor-section-height-default elementor-section-height-default\" data-id=\"d7281f7\" data-element_type=\"section\" data-e-type=\"section\">\n\t\t\t\t\t\t<div class=\"elementor-container elementor-column-gap-default\">\n\t\t\t\t\t<div class=\"elementor-column elementor-col-33 elementor-inner-column elementor-element elementor-element-8af99bd\" data-id=\"8af99bd\" data-element_type=\"column\" data-e-type=\"column\">\n\t\t\t<div class=\"elementor-widget-wrap elementor-element-populated\">\n\t\t\t\t\t\t<div class=\"elementor-element elementor-element-4b5e579 elementor-invisible elementor-widget elementor-widget-image\" data-id=\"4b5e579\" data-element_type=\"widget\" data-e-type=\"widget\" data-settings=\"{&quot;_animation&quot;:&quot;fadeInLeft&quot;}\" data-widget_type=\"image.default\">\n\t\t\t\t<div class=\"elementor-widget-container\">\n\t\t\t\t\t\t\t\t\t\t\t\t\t\t\t<img fetchpriority=\"high\" decoding=\"async\" width=\"800\" height=\"870\" src=\"https:\/\/l-artquarium.ch\/wp-content\/uploads\/2023\/08\/Gilbert-Wolfisberg-942x1024.jpg\" class=\"attachment-large size-large wp-image-1760\" alt=\"Gilbert Wolfisberg directeur de l&#039;Artquarium, atelier d&#039;art \u00e0 Gen\u00e8ve\" srcset=\"https:\/\/l-artquarium.ch\/wp-content\/uploads\/2023\/08\/Gilbert-Wolfisberg-942x1024.jpg 942w, https:\/\/l-artquarium.ch\/wp-content\/uploads\/2023\/08\/Gilbert-Wolfisberg-276x300.jpg 276w, https:\/\/l-artquarium.ch\/wp-content\/uploads\/2023\/08\/Gilbert-Wolfisberg-768x835.jpg 768w, https:\/\/l-artquarium.ch\/wp-content\/uploads\/2023\/08\/Gilbert-Wolfisberg-11x12.jpg 11w, https:\/\/l-artquarium.ch\/wp-content\/uploads\/2023\/08\/Gilbert-Wolfisberg.jpg 1290w\" sizes=\"(max-width: 800px) 100vw, 800px\" \/>\t\t\t\t\t\t\t\t\t\t\t\t\t\t\t<\/div>\n\t\t\t\t<\/div>\n\t\t\t\t\t<\/div>\n\t\t<\/div>\n\t\t\t\t<div class=\"elementor-column elementor-col-66 elementor-inner-column elementor-element elementor-element-82bd88e\" data-id=\"82bd88e\" data-element_type=\"column\" data-e-type=\"column\">\n\t\t\t<div class=\"elementor-widget-wrap elementor-element-populated\">\n\t\t\t\t\t\t<div class=\"elementor-element elementor-element-282ea7a elementor-widget elementor-widget-text-editor\" data-id=\"282ea7a\" data-element_type=\"widget\" data-e-type=\"widget\" data-widget_type=\"text-editor.default\">\n\t\t\t\t<div class=\"elementor-widget-container\">\n\t\t\t\t\t\t\t\t\t<p>N\u00e9 \u00e0 Gen\u00e8ve en 1966, Gilbert Wolfisberg est un artiste passionn\u00e9 et un enseignant d\u00e9vou\u00e9 qui a fond\u00e9 L&rsquo;Artquarium en 2002. Son parcours est marqu\u00e9 par des \u00e9tudes et des exp\u00e9riences artistiques enrichissantes \u00e0 travers le monde. Il a \u00e9tudi\u00e9 la peinture, l&rsquo;histoire et la philosophie de l&rsquo;art \u00e0 Paris dans l&rsquo;atelier de Lucio Loubet entre 1992 et 1994. Son int\u00e9r\u00eat pour les techniques vari\u00e9es l&rsquo;a conduit \u00e0 Tokyo en 1995 pour \u00e9tudier la composition japonaise. Il a par la suite \u00e9tudi\u00e9 \u00e0 la Sommerakademie de Salzbourg sous la direction de Hermann Nitsch en 1997 il a aussi particip\u00e9 \u00e0 de nombreux stages avec des peintres renomm\u00e9s tel que Thibaut de Reimpr\u00e9 et Giancarlo Bargoni.<\/p><p>Gilbert a aussi apport\u00e9 sa contribution \u00e0 l&rsquo;enseignement de l&rsquo;art visuel \u00e0 l&rsquo;\u00e9cole des Arches de Lausanne entre 2005 et 2007.<\/p><p>En tant qu&rsquo;artiste, Gilbert a pr\u00e9sent\u00e9 son travail lors d&rsquo;expositions vari\u00e9es. Il a notamment expos\u00e9 \u00e0 Gen\u00e8ve et Zurich dans les galeries de Jean-Luc Barbier en 1990, puis \u00e0 S\u00e9cheron dans l&rsquo;association \u00ab\u00a0Ici et Maintenant\u00a0\u00bb\u00a0 en 1999 et 2000. Il a \u00e9galement particip\u00e9 \u00e0 une exposition au sein de la \u00ab\u00a0Festung\u00a0\u00bb de Salzburg en Autriche en 1997.\u00a0<\/p><p>Sa passion pour l&rsquo;art et l&rsquo;\u00e9ducation continue de rayonner \u00e0 travers son travail \u00e0 L&rsquo;Artquarium et \u00e0 travers son projet de cours en ligne \u00ab<a href=\"https:\/\/culturepeinture.com\/\" target=\"_blank\" rel=\"noopener\">Culture Peinture\u00bb<\/a>.<\/p>\t\t\t\t\t\t\t\t<\/div>\n\t\t\t\t<\/div>\n\t\t\t\t\t<\/div>\n\t\t<\/div>\n\t\t\t\t\t<\/div>\n\t\t<\/section>\n\t\t\t\t\t<\/div>\n\t\t<\/div>\n\t\t\t\t\t<\/div>\n\t\t<\/section>\n\t\t\t\t<section class=\"elementor-section elementor-top-section elementor-element elementor-element-664bca3 elementor-section-boxed elementor-section-height-default elementor-section-height-default\" data-id=\"664bca3\" data-element_type=\"section\" data-e-type=\"section\">\n\t\t\t\t\t\t<div class=\"elementor-container elementor-column-gap-default\">\n\t\t\t\t\t<div class=\"elementor-column elementor-col-100 elementor-top-column elementor-element elementor-element-6f090e7\" data-id=\"6f090e7\" data-element_type=\"column\" data-e-type=\"column\">\n\t\t\t<div class=\"elementor-widget-wrap elementor-element-populated\">\n\t\t\t\t\t\t<div class=\"elementor-element elementor-element-4204429 elementor-widget elementor-widget-heading\" data-id=\"4204429\" data-element_type=\"widget\" data-e-type=\"widget\" data-widget_type=\"heading.default\">\n\t\t\t\t<div class=\"elementor-widget-container\">\n\t\t\t\t\t<h2 class=\"elementor-heading-title elementor-size-default\">Artur Karapetian<\/h2>\t\t\t\t<\/div>\n\t\t\t\t<\/div>\n\t\t\t\t<section class=\"elementor-section elementor-inner-section elementor-element elementor-element-d95a8be elementor-section-content-middle elementor-section-boxed elementor-section-height-default elementor-section-height-default\" data-id=\"d95a8be\" data-element_type=\"section\" data-e-type=\"section\">\n\t\t\t\t\t\t<div class=\"elementor-container elementor-column-gap-default\">\n\t\t\t\t\t<div class=\"elementor-column elementor-col-33 elementor-inner-column elementor-element elementor-element-4e75ffa\" data-id=\"4e75ffa\" data-element_type=\"column\" data-e-type=\"column\">\n\t\t\t<div class=\"elementor-widget-wrap elementor-element-populated\">\n\t\t\t\t\t\t<div class=\"elementor-element elementor-element-32700a3 elementor-invisible elementor-widget elementor-widget-image\" data-id=\"32700a3\" data-element_type=\"widget\" data-e-type=\"widget\" data-settings=\"{&quot;_animation&quot;:&quot;fadeInLeft&quot;}\" data-widget_type=\"image.default\">\n\t\t\t\t<div class=\"elementor-widget-container\">\n\t\t\t\t\t\t\t\t\t\t\t\t\t\t\t<img decoding=\"async\" width=\"280\" height=\"241\" src=\"https:\/\/l-artquarium.ch\/wp-content\/uploads\/2023\/06\/Artur.jpeg\" class=\"attachment-full size-full wp-image-1329\" alt=\"Artur Karapetian Enseignant \u00e0 l&#039;Artquarium Gen\u00e8ve\" srcset=\"https:\/\/l-artquarium.ch\/wp-content\/uploads\/2023\/06\/Artur.jpeg 280w, https:\/\/l-artquarium.ch\/wp-content\/uploads\/2023\/06\/Artur-14x12.jpeg 14w\" sizes=\"(max-width: 280px) 100vw, 280px\" \/>\t\t\t\t\t\t\t\t\t\t\t\t\t\t\t<\/div>\n\t\t\t\t<\/div>\n\t\t\t\t\t<\/div>\n\t\t<\/div>\n\t\t\t\t<div class=\"elementor-column elementor-col-66 elementor-inner-column elementor-element elementor-element-224120a\" data-id=\"224120a\" data-element_type=\"column\" data-e-type=\"column\">\n\t\t\t<div class=\"elementor-widget-wrap elementor-element-populated\">\n\t\t\t\t\t\t<div class=\"elementor-element elementor-element-bc54954 elementor-widget elementor-widget-text-editor\" data-id=\"bc54954\" data-element_type=\"widget\" data-e-type=\"widget\" data-widget_type=\"text-editor.default\">\n\t\t\t\t<div class=\"elementor-widget-container\">\n\t\t\t\t\t\t\t\t\t<p>Apr\u00e8s avoir \u00e9tudi\u00e9 la peinture aupr\u00e8s de Gilbert Wolfisberg, \u00e0 l&rsquo;Artquarium, Arthur devient enseignant en 2010.<\/p><p>Il apporte \u00e0 l&rsquo;Artquarium sa passion et son savoir-faire en tant qu&rsquo;enseignant. Dispensant des cours de dessin et de peinture, Arthur guide les \u00e9l\u00e8ves avec patience et expertise, aidant \u00e0 d\u00e9velopper leurs comp\u00e9tences et \u00e0 stimuler leur cr\u00e9ativit\u00e9.<\/p><p>Son d\u00e9vouement \u00e0 l&rsquo;enseignement et son engagement envers l&rsquo;art se refl\u00e8tent dans chaque le\u00e7on, offrant une exp\u00e9rience d&rsquo;apprentissage enrichissante pour tous nos \u00e9l\u00e8ves.<\/p>\t\t\t\t\t\t\t\t<\/div>\n\t\t\t\t<\/div>\n\t\t\t\t\t<\/div>\n\t\t<\/div>\n\t\t\t\t\t<\/div>\n\t\t<\/section>\n\t\t\t\t\t<\/div>\n\t\t<\/div>\n\t\t\t\t\t<\/div>\n\t\t<\/section>\n\t\t\t\t<\/div>\n\t\t","protected":false},"excerpt":{"rendered":"<p>D\u00e9couvrez n\u00f4tre \u00e9quipe d&rsquo;enseignants passionn\u00e9s \u00e0 l&rsquo;Artquarium \u00c0 L&rsquo;Artquarium, le v\u00e9ritable enseignement artistique est dispens\u00e9 par des professionnels passionn\u00e9s et qualifi\u00e9s. Nos enseignants \u00e0 Gen\u00e8ve ont un parcours vari\u00e9 et riche en exp\u00e9riences, ce qui leur permet d&rsquo;apporter une perspective unique \u00e0 chaque cours. Rencontrez nos enseignants d\u00e9vou\u00e9s, apprenez de leurs exp\u00e9riences et laissez-vous inspirer [&hellip;]<\/p>\n","protected":false},"author":1,"featured_media":0,"parent":0,"menu_order":0,"comment_status":"closed","ping_status":"closed","template":"elementor_header_footer","meta":{"_monsterinsights_skip_tracking":false,"_monsterinsights_sitenote_active":false,"_monsterinsights_sitenote_note":"","_monsterinsights_sitenote_category":0,"footnotes":""},"class_list":["post-1187","page","type-page","status-publish","hentry"],"_links":{"self":[{"href":"https:\/\/l-artquarium.ch\/en\/wp-json\/wp\/v2\/pages\/1187","targetHints":{"allow":["GET"]}}],"collection":[{"href":"https:\/\/l-artquarium.ch\/en\/wp-json\/wp\/v2\/pages"}],"about":[{"href":"https:\/\/l-artquarium.ch\/en\/wp-json\/wp\/v2\/types\/page"}],"author":[{"embeddable":true,"href":"https:\/\/l-artquarium.ch\/en\/wp-json\/wp\/v2\/users\/1"}],"replies":[{"embeddable":true,"href":"https:\/\/l-artquarium.ch\/en\/wp-json\/wp\/v2\/comments?post=1187"}],"version-history":[{"count":0,"href":"https:\/\/l-artquarium.ch\/en\/wp-json\/wp\/v2\/pages\/1187\/revisions"}],"wp:attachment":[{"href":"https:\/\/l-artquarium.ch\/en\/wp-json\/wp\/v2\/media?parent=1187"}],"curies":[{"name":"wp","href":"https:\/\/api.w.org\/{rel}","templated":true}]}}