{"id":2238,"date":"2023-09-15T06:47:05","date_gmt":"2023-09-15T06:47:05","guid":{"rendered":"https:\/\/l-artquarium.ch\/?page_id=2238"},"modified":"2025-03-25T14:44:04","modified_gmt":"2025-03-25T13:44:04","slug":"rates-opening-hours","status":"publish","type":"page","link":"https:\/\/l-artquarium.ch\/en\/tarifs-horaires\/","title":{"rendered":"Rates and opening hours"},"content":{"rendered":"\t\t<div data-elementor-type=\"wp-page\" data-elementor-id=\"2238\" class=\"elementor elementor-2238\" data-elementor-post-type=\"page\">\n\t\t\t\t\t\t<section class=\"elementor-section elementor-top-section elementor-element elementor-element-06e9cea elementor-section-height-min-height elementor-section-boxed elementor-section-height-default elementor-section-items-middle\" data-id=\"06e9cea\" data-element_type=\"section\" data-e-type=\"section\" data-settings=\"{&quot;background_background&quot;:&quot;slideshow&quot;,&quot;background_slideshow_gallery&quot;:[{&quot;id&quot;:994,&quot;url&quot;:&quot;https:\\\/\\\/l-artquarium.ch\\\/wp-content\\\/uploads\\\/2023\\\/06\\\/LeonardDeVinci.jpeg&quot;}],&quot;background_slideshow_ken_burns&quot;:&quot;yes&quot;,&quot;background_slideshow_loop&quot;:&quot;yes&quot;,&quot;background_slideshow_slide_duration&quot;:5000,&quot;background_slideshow_slide_transition&quot;:&quot;fade&quot;,&quot;background_slideshow_transition_duration&quot;:500,&quot;background_slideshow_ken_burns_zoom_direction&quot;:&quot;in&quot;}\">\n\t\t\t\t\t\t\t<div class=\"elementor-background-overlay\"><\/div>\n\t\t\t\t\t\t\t<div class=\"elementor-container elementor-column-gap-default\">\n\t\t\t\t\t<div class=\"elementor-column elementor-col-100 elementor-top-column elementor-element elementor-element-a570bee\" data-id=\"a570bee\" data-element_type=\"column\" data-e-type=\"column\">\n\t\t\t<div class=\"elementor-widget-wrap elementor-element-populated\">\n\t\t\t\t\t\t<div class=\"elementor-element elementor-element-f522944 elementor-widget elementor-widget-heading\" data-id=\"f522944\" data-element_type=\"widget\" data-e-type=\"widget\" data-widget_type=\"heading.default\">\n\t\t\t\t<div class=\"elementor-widget-container\">\n\t\t\t\t\t<h1 class=\"elementor-heading-title elementor-size-default\">Tarifs et Disponibilit\u00e9s<br>Tout sur nos cours d'art \u00e0 L'Artquarium<\/h1>\t\t\t\t<\/div>\n\t\t\t\t<\/div>\n\t\t\t\t<div class=\"elementor-element elementor-element-05d8259 elementor-widget elementor-widget-text-editor\" data-id=\"05d8259\" data-element_type=\"widget\" data-e-type=\"widget\" data-widget_type=\"text-editor.default\">\n\t\t\t\t<div class=\"elementor-widget-container\">\n\t\t\t\t\t\t\t\t\t<p>\u00c0 L&rsquo;Artquarium, nous croyons que l&rsquo;art doit \u00eatre accessible \u00e0 tous.<\/p><p>C&rsquo;est pourquoi nous vous proposons une structure tarifaire comp\u00e9titive et des horaires pens\u00e9s pour s&rsquo;adapter \u00e0 votre quotidien.<\/p><p>Que vous soyez d\u00e9butant, interm\u00e9diaire ou avanc\u00e9, d\u00e9couvrez ci-dessous les tarifs de nos cours ainsi que les cr\u00e9neaux disponibles pour nourrir votre passion \u00e0 Gen\u00e8ve.<\/p>\t\t\t\t\t\t\t\t<\/div>\n\t\t\t\t<\/div>\n\t\t\t\t<section class=\"elementor-section elementor-inner-section elementor-element elementor-element-a2d7b9a elementor-section-boxed elementor-section-height-default elementor-section-height-default\" data-id=\"a2d7b9a\" data-element_type=\"section\" data-e-type=\"section\">\n\t\t\t\t\t\t<div class=\"elementor-container elementor-column-gap-default\">\n\t\t\t\t\t<div class=\"elementor-column elementor-col-50 elementor-inner-column elementor-element elementor-element-e212b6c\" data-id=\"e212b6c\" data-element_type=\"column\" data-e-type=\"column\">\n\t\t\t<div class=\"elementor-widget-wrap elementor-element-populated\">\n\t\t\t\t\t\t<div class=\"elementor-element elementor-element-fc74837 elementor-align-center elementor-widget elementor-widget-button\" data-id=\"fc74837\" data-element_type=\"widget\" data-e-type=\"widget\" data-widget_type=\"button.default\">\n\t\t\t\t<div class=\"elementor-widget-container\">\n\t\t\t\t\t\t\t\t\t<div class=\"elementor-button-wrapper\">\n\t\t\t\t\t<a class=\"elementor-button elementor-button-link elementor-size-sm\" href=\"https:\/\/l-artquarium.ch\/cours\/reservation-cours-adultes\/\">\n\t\t\t\t\t\t<span class=\"elementor-button-content-wrapper\">\n\t\t\t\t\t\t<span class=\"elementor-button-icon\">\n\t\t\t\t<i aria-hidden=\"true\" class=\"fas fa-calendar-check\"><\/i>\t\t\t<\/span>\n\t\t\t\t\t\t\t\t\t<span class=\"elementor-button-text\">R\u00e9server un cours pour adulte<\/span>\n\t\t\t\t\t<\/span>\n\t\t\t\t\t<\/a>\n\t\t\t\t<\/div>\n\t\t\t\t\t\t\t\t<\/div>\n\t\t\t\t<\/div>\n\t\t\t\t\t<\/div>\n\t\t<\/div>\n\t\t\t\t<div class=\"elementor-column elementor-col-50 elementor-inner-column elementor-element elementor-element-1cb31c0\" data-id=\"1cb31c0\" data-element_type=\"column\" data-e-type=\"column\">\n\t\t\t<div class=\"elementor-widget-wrap elementor-element-populated\">\n\t\t\t\t\t\t<div class=\"elementor-element elementor-element-ccf0e4e elementor-align-center elementor-widget elementor-widget-button\" data-id=\"ccf0e4e\" data-element_type=\"widget\" data-e-type=\"widget\" data-widget_type=\"button.default\">\n\t\t\t\t<div class=\"elementor-widget-container\">\n\t\t\t\t\t\t\t\t\t<div class=\"elementor-button-wrapper\">\n\t\t\t\t\t<a class=\"elementor-button elementor-button-link elementor-size-sm\" href=\"https:\/\/l-artquarium.ch\/en\/cours\/reservation-enfant\/\">\n\t\t\t\t\t\t<span class=\"elementor-button-content-wrapper\">\n\t\t\t\t\t\t<span class=\"elementor-button-icon\">\n\t\t\t\t<i aria-hidden=\"true\" class=\"fas fa-calendar-check\"><\/i>\t\t\t<\/span>\n\t\t\t\t\t\t\t\t\t<span class=\"elementor-button-text\">R\u00e9server un cours pour enfant<\/span>\n\t\t\t\t\t<\/span>\n\t\t\t\t\t<\/a>\n\t\t\t\t<\/div>\n\t\t\t\t\t\t\t\t<\/div>\n\t\t\t\t<\/div>\n\t\t\t\t\t<\/div>\n\t\t<\/div>\n\t\t\t\t\t<\/div>\n\t\t<\/section>\n\t\t\t\t\t<\/div>\n\t\t<\/div>\n\t\t\t\t\t<\/div>\n\t\t<\/section>\n\t\t\t\t<section class=\"elementor-section elementor-top-section elementor-element elementor-element-e6a2c8d elementor-section-boxed elementor-section-height-default elementor-section-height-default\" data-id=\"e6a2c8d\" data-element_type=\"section\" data-e-type=\"section\">\n\t\t\t\t\t\t<div class=\"elementor-container elementor-column-gap-default\">\n\t\t\t\t\t<div class=\"elementor-column elementor-col-100 elementor-top-column elementor-element elementor-element-8ba0dec\" data-id=\"8ba0dec\" data-element_type=\"column\" data-e-type=\"column\">\n\t\t\t<div class=\"elementor-widget-wrap elementor-element-populated\">\n\t\t\t\t\t\t<div class=\"elementor-element elementor-element-ec3d126 elementor-widget elementor-widget-text-editor\" data-id=\"ec3d126\" data-element_type=\"widget\" data-e-type=\"widget\" data-widget_type=\"text-editor.default\">\n\t\t\t\t<div class=\"elementor-widget-container\">\n\t\t\t\t\t\t\t\t\t<h3><b>Horraires:<\/b><\/h3><p>Lundi 14 \u00e0 17 heures &#8211; 19 \u00e0 22 heures<\/p><p>Mardi 14 \u00e0 17 heures &#8211; 19 \u00e0 22 heures<\/p><p>Mercredi 9 \u00e0 12 heures &#8211; *13h30 \u00e0 15h30 &#8211; *15h30 \u00e0 17h30<\/p><p>Jeudi 14 \u00e0 17 heures &#8211; 19 \u00e0 22 heures<\/p><p>Vendredi 9 \u00e0 12 heures<\/p><p>Pr\u00e9sence requise, en moyenne une fois par semaine.<\/p><h3><b>Liste de mat\u00e9riel <\/b>(cours d\u2019introduction)<b>:<\/b><\/h3><p>1 cartable, 50x65cm<\/p><p>10 feuilles canson, 160gr\/m2, 50x65cm<\/p><p>crayons: 2H, 2B, HB<\/p><p>taille crayon ferm\u00e9<\/p><p>1 gomme molle, 1 gomme blanche<\/p><p>\u00a0<\/p><h3><strong>Tarifs:<\/strong><\/h3>\t\t\t\t\t\t\t\t<\/div>\n\t\t\t\t<\/div>\n\t\t\t\t<div class=\"elementor-element elementor-element-256e69c elementor-widget elementor-widget-image\" data-id=\"256e69c\" data-element_type=\"widget\" data-e-type=\"widget\" data-widget_type=\"image.default\">\n\t\t\t\t<div class=\"elementor-widget-container\">\n\t\t\t\t\t\t\t\t\t\t\t\t\t\t\t<img fetchpriority=\"high\" decoding=\"async\" width=\"800\" height=\"282\" src=\"https:\/\/l-artquarium.ch\/wp-content\/uploads\/2023\/09\/Tarifs-lArquarium-1024x361.png\" class=\"attachment-large size-large wp-image-2301\" alt=\"Tarifs des cours d&#039;art \u00e0 l&#039;Artquarium Gen\u00e8ve\" srcset=\"https:\/\/l-artquarium.ch\/wp-content\/uploads\/2023\/09\/Tarifs-lArquarium-1024x361.png 1024w, https:\/\/l-artquarium.ch\/wp-content\/uploads\/2023\/09\/Tarifs-lArquarium-300x106.png 300w, https:\/\/l-artquarium.ch\/wp-content\/uploads\/2023\/09\/Tarifs-lArquarium-768x271.png 768w, https:\/\/l-artquarium.ch\/wp-content\/uploads\/2023\/09\/Tarifs-lArquarium-1536x542.png 1536w, https:\/\/l-artquarium.ch\/wp-content\/uploads\/2023\/09\/Tarifs-lArquarium-18x6.png 18w, https:\/\/l-artquarium.ch\/wp-content\/uploads\/2023\/09\/Tarifs-lArquarium.png 1956w\" sizes=\"(max-width: 800px) 100vw, 800px\" \/>\t\t\t\t\t\t\t\t\t\t\t\t\t\t\t<\/div>\n\t\t\t\t<\/div>\n\t\t\t\t\t<\/div>\n\t\t<\/div>\n\t\t\t\t\t<\/div>\n\t\t<\/section>\n\t\t\t\t<\/div>\n\t\t","protected":false},"excerpt":{"rendered":"<p>Tarifs et Disponibilit\u00e9sTout sur nos cours d&rsquo;art \u00e0 L&rsquo;Artquarium \u00c0 L&rsquo;Artquarium, nous croyons que l&rsquo;art doit \u00eatre accessible \u00e0 tous. C&rsquo;est pourquoi nous vous proposons une structure tarifaire comp\u00e9titive et des horaires pens\u00e9s pour s&rsquo;adapter \u00e0 votre quotidien. Que vous soyez d\u00e9butant, interm\u00e9diaire ou avanc\u00e9, d\u00e9couvrez ci-dessous les tarifs de nos cours ainsi que les [&hellip;]<\/p>\n","protected":false},"author":1,"featured_media":0,"parent":0,"menu_order":0,"comment_status":"closed","ping_status":"closed","template":"elementor_header_footer","meta":{"_monsterinsights_skip_tracking":false,"_monsterinsights_sitenote_active":false,"_monsterinsights_sitenote_note":"","_monsterinsights_sitenote_category":0,"footnotes":""},"class_list":["post-2238","page","type-page","status-publish","hentry"],"_links":{"self":[{"href":"https:\/\/l-artquarium.ch\/en\/wp-json\/wp\/v2\/pages\/2238","targetHints":{"allow":["GET"]}}],"collection":[{"href":"https:\/\/l-artquarium.ch\/en\/wp-json\/wp\/v2\/pages"}],"about":[{"href":"https:\/\/l-artquarium.ch\/en\/wp-json\/wp\/v2\/types\/page"}],"author":[{"embeddable":true,"href":"https:\/\/l-artquarium.ch\/en\/wp-json\/wp\/v2\/users\/1"}],"replies":[{"embeddable":true,"href":"https:\/\/l-artquarium.ch\/en\/wp-json\/wp\/v2\/comments?post=2238"}],"version-history":[{"count":0,"href":"https:\/\/l-artquarium.ch\/en\/wp-json\/wp\/v2\/pages\/2238\/revisions"}],"wp:attachment":[{"href":"https:\/\/l-artquarium.ch\/en\/wp-json\/wp\/v2\/media?parent=2238"}],"curies":[{"name":"wp","href":"https:\/\/api.w.org\/{rel}","templated":true}]}}