{"id":2984,"date":"2024-02-10T10:15:11","date_gmt":"2024-02-10T10:15:11","guid":{"rendered":"https:\/\/l-artquarium.ch\/?page_id=2984"},"modified":"2024-03-16T16:59:40","modified_gmt":"2024-03-16T16:59:40","slug":"instagram-news-feed","status":"publish","type":"page","link":"https:\/\/l-artquarium.ch\/en\/actualites\/fil-actu-instagram\/","title":{"rendered":"Instagram news feed"},"content":{"rendered":"\t\t<div data-elementor-type=\"wp-page\" data-elementor-id=\"2984\" class=\"elementor elementor-2984\" data-elementor-post-type=\"page\">\n\t\t\t\t\t\t<section class=\"elementor-section elementor-top-section elementor-element elementor-element-06e9cea elementor-section-height-min-height elementor-section-boxed elementor-section-height-default elementor-section-items-middle\" data-id=\"06e9cea\" data-element_type=\"section\" data-e-type=\"section\" data-settings=\"{&quot;background_background&quot;:&quot;slideshow&quot;,&quot;background_slideshow_gallery&quot;:[{&quot;id&quot;:149,&quot;url&quot;:&quot;https:\\\/\\\/l-artquarium.ch\\\/wp-content\\\/uploads\\\/2023\\\/05\\\/yc7otffn-0.jpg&quot;}],&quot;background_slideshow_ken_burns&quot;:&quot;yes&quot;,&quot;background_slideshow_loop&quot;:&quot;yes&quot;,&quot;background_slideshow_slide_duration&quot;:5000,&quot;background_slideshow_slide_transition&quot;:&quot;fade&quot;,&quot;background_slideshow_transition_duration&quot;:500,&quot;background_slideshow_ken_burns_zoom_direction&quot;:&quot;in&quot;}\">\n\t\t\t\t\t\t\t<div class=\"elementor-background-overlay\"><\/div>\n\t\t\t\t\t\t\t<div class=\"elementor-container elementor-column-gap-default\">\n\t\t\t\t\t<div class=\"elementor-column elementor-col-100 elementor-top-column elementor-element elementor-element-a570bee\" data-id=\"a570bee\" data-element_type=\"column\" data-e-type=\"column\">\n\t\t\t<div class=\"elementor-widget-wrap elementor-element-populated\">\n\t\t\t\t\t\t<div class=\"elementor-element elementor-element-f522944 elementor-widget elementor-widget-heading\" data-id=\"f522944\" data-element_type=\"widget\" data-e-type=\"widget\" data-widget_type=\"heading.default\">\n\t\t\t\t<div class=\"elementor-widget-container\">\n\t\t\t\t\t<h1 class=\"elementor-heading-title elementor-size-default\">Notre fil d'actualit\u00e9s et nos posts Instagram<\/h1>\t\t\t\t<\/div>\n\t\t\t\t<\/div>\n\t\t\t\t<div class=\"elementor-element elementor-element-05d8259 elementor-widget elementor-widget-text-editor\" data-id=\"05d8259\" data-element_type=\"widget\" data-e-type=\"widget\" data-widget_type=\"text-editor.default\">\n\t\t\t\t<div class=\"elementor-widget-container\">\n\t\t\t\t\t\t\t\t\t<p>Immergez-vous dans l&rsquo;univers artistique et cr\u00e9atif de notre atelier, o\u00f9 chaque post Instagram raconte une histoire unique.<\/p><p>Des derni\u00e8res \u0153uvres r\u00e9alis\u00e9es par nos talentueux \u00e9l\u00e8ves aux moments forts de nos \u00e9v\u00e9nements, cette page est votre fen\u00eatre directe sur tout ce qui anime l&rsquo;Artquarium.<br \/><br \/>Suivez-nous pour rester \u00e0 jour avec nos activit\u00e9s, d\u00e9couvrir l&rsquo;inspiration derri\u00e8re nos cours, et c\u00e9l\u00e9brer avec nous la cr\u00e9ativit\u00e9 et l&rsquo;innovation artistique.<br \/><br \/>Que vous soyez un futur \u00e9tudiant, un artiste en qu\u00eate d&rsquo;inspiration ou simplement un passionn\u00e9 d&rsquo;art, notre fil d&rsquo;actualit\u00e9s Instagram vous offre un aper\u00e7u authentique de la vie quotidienne \u00e0 l&rsquo;Artquarium.<br \/><br \/>Plongez dans notre monde artistique et laissez-vous inspirer par la beaut\u00e9, la technique et la passion qui caract\u00e9risent notre communaut\u00e9.<\/p>\t\t\t\t\t\t\t\t<\/div>\n\t\t\t\t<\/div>\n\t\t\t\t<section class=\"elementor-section elementor-inner-section elementor-element elementor-element-5d86607 elementor-section-boxed elementor-section-height-default elementor-section-height-default\" data-id=\"5d86607\" data-element_type=\"section\" data-e-type=\"section\">\n\t\t\t\t\t\t<div class=\"elementor-container elementor-column-gap-default\">\n\t\t\t\t\t<div class=\"elementor-column elementor-col-50 elementor-inner-column elementor-element elementor-element-41f4387\" data-id=\"41f4387\" data-element_type=\"column\" data-e-type=\"column\">\n\t\t\t<div class=\"elementor-widget-wrap elementor-element-populated\">\n\t\t\t\t\t\t<div class=\"elementor-element elementor-element-c11725e elementor-align-center elementor-widget elementor-widget-button\" data-id=\"c11725e\" data-element_type=\"widget\" data-e-type=\"widget\" data-widget_type=\"button.default\">\n\t\t\t\t<div class=\"elementor-widget-container\">\n\t\t\t\t\t\t\t\t\t<div class=\"elementor-button-wrapper\">\n\t\t\t\t\t<a class=\"elementor-button elementor-button-link elementor-size-sm\" href=\"https:\/\/l-artquarium.ch\/index.php\/cours\/\">\n\t\t\t\t\t\t<span class=\"elementor-button-content-wrapper\">\n\t\t\t\t\t\t\t\t\t<span class=\"elementor-button-text\">R\u00e9server un cours de dessin\/peinture<\/span>\n\t\t\t\t\t<\/span>\n\t\t\t\t\t<\/a>\n\t\t\t\t<\/div>\n\t\t\t\t\t\t\t\t<\/div>\n\t\t\t\t<\/div>\n\t\t\t\t\t<\/div>\n\t\t<\/div>\n\t\t\t\t<div class=\"elementor-column elementor-col-50 elementor-inner-column elementor-element elementor-element-b6a49af\" data-id=\"b6a49af\" data-element_type=\"column\" data-e-type=\"column\">\n\t\t\t<div class=\"elementor-widget-wrap elementor-element-populated\">\n\t\t\t\t\t\t<div class=\"elementor-element elementor-element-6865e75 elementor-align-center elementor-widget elementor-widget-button\" data-id=\"6865e75\" data-element_type=\"widget\" data-e-type=\"widget\" data-widget_type=\"button.default\">\n\t\t\t\t<div class=\"elementor-widget-container\">\n\t\t\t\t\t\t\t\t\t<div class=\"elementor-button-wrapper\">\n\t\t\t\t\t<a class=\"elementor-button elementor-button-link elementor-size-sm\" href=\"https:\/\/l-artquarium.ch\/index.php\/contact\/\">\n\t\t\t\t\t\t<span class=\"elementor-button-content-wrapper\">\n\t\t\t\t\t\t\t\t\t<span class=\"elementor-button-text\">Envoyer votre t\u00e9moignage<\/span>\n\t\t\t\t\t<\/span>\n\t\t\t\t\t<\/a>\n\t\t\t\t<\/div>\n\t\t\t\t\t\t\t\t<\/div>\n\t\t\t\t<\/div>\n\t\t\t\t\t<\/div>\n\t\t<\/div>\n\t\t\t\t\t<\/div>\n\t\t<\/section>\n\t\t\t\t\t<\/div>\n\t\t<\/div>\n\t\t\t\t\t<\/div>\n\t\t<\/section>\n\t\t\t\t<section class=\"elementor-section elementor-top-section elementor-element elementor-element-7c82753 elementor-section-boxed elementor-section-height-default elementor-section-height-default\" data-id=\"7c82753\" data-element_type=\"section\" data-e-type=\"section\">\n\t\t\t\t\t\t<div class=\"elementor-container elementor-column-gap-default\">\n\t\t\t\t\t<div class=\"elementor-column elementor-col-100 elementor-top-column elementor-element elementor-element-b90ef3f\" data-id=\"b90ef3f\" data-element_type=\"column\" data-e-type=\"column\">\n\t\t\t<div class=\"elementor-widget-wrap elementor-element-populated\">\n\t\t\t\t\t\t\t<\/div>\n\t\t<\/div>\n\t\t\t\t\t<\/div>\n\t\t<\/section>\n\t\t\t\t<\/div>\n\t\t","protected":false},"excerpt":{"rendered":"<p>Notre fil d&rsquo;actualit\u00e9s et nos posts Instagram Immergez-vous dans l&rsquo;univers artistique et cr\u00e9atif de notre atelier, o\u00f9 chaque post Instagram raconte une histoire unique. Des derni\u00e8res \u0153uvres r\u00e9alis\u00e9es par nos talentueux \u00e9l\u00e8ves aux moments forts de nos \u00e9v\u00e9nements, cette page est votre fen\u00eatre directe sur tout ce qui anime l&rsquo;Artquarium. Suivez-nous pour rester \u00e0 jour [&hellip;]<\/p>\n","protected":false},"author":1,"featured_media":1397,"parent":2403,"menu_order":0,"comment_status":"closed","ping_status":"closed","template":"elementor_header_footer","meta":{"_monsterinsights_skip_tracking":false,"_monsterinsights_sitenote_active":false,"_monsterinsights_sitenote_note":"","_monsterinsights_sitenote_category":0,"footnotes":""},"class_list":["post-2984","page","type-page","status-publish","has-post-thumbnail","hentry"],"_links":{"self":[{"href":"https:\/\/l-artquarium.ch\/en\/wp-json\/wp\/v2\/pages\/2984","targetHints":{"allow":["GET"]}}],"collection":[{"href":"https:\/\/l-artquarium.ch\/en\/wp-json\/wp\/v2\/pages"}],"about":[{"href":"https:\/\/l-artquarium.ch\/en\/wp-json\/wp\/v2\/types\/page"}],"author":[{"embeddable":true,"href":"https:\/\/l-artquarium.ch\/en\/wp-json\/wp\/v2\/users\/1"}],"replies":[{"embeddable":true,"href":"https:\/\/l-artquarium.ch\/en\/wp-json\/wp\/v2\/comments?post=2984"}],"version-history":[{"count":0,"href":"https:\/\/l-artquarium.ch\/en\/wp-json\/wp\/v2\/pages\/2984\/revisions"}],"up":[{"embeddable":true,"href":"https:\/\/l-artquarium.ch\/en\/wp-json\/wp\/v2\/pages\/2403"}],"wp:featuredmedia":[{"embeddable":true,"href":"https:\/\/l-artquarium.ch\/en\/wp-json\/wp\/v2\/media\/1397"}],"wp:attachment":[{"href":"https:\/\/l-artquarium.ch\/en\/wp-json\/wp\/v2\/media?parent=2984"}],"curies":[{"name":"wp","href":"https:\/\/api.w.org\/{rel}","templated":true}]}}