{"id":3003,"date":"2024-02-10T10:40:15","date_gmt":"2024-02-10T10:40:15","guid":{"rendered":"https:\/\/l-artquarium.ch\/?page_id=3003"},"modified":"2024-03-16T17:00:13","modified_gmt":"2024-03-16T17:00:13","slug":"facebook-news-feed","status":"publish","type":"page","link":"https:\/\/l-artquarium.ch\/en\/actualites\/fil-actu-facebook\/","title":{"rendered":"Facebook News Feed"},"content":{"rendered":"\t\t<div data-elementor-type=\"wp-page\" data-elementor-id=\"3003\" class=\"elementor elementor-3003\" data-elementor-post-type=\"page\">\n\t\t\t\t\t\t<section class=\"elementor-section elementor-top-section elementor-element elementor-element-06e9cea elementor-section-height-min-height elementor-section-boxed elementor-section-height-default elementor-section-items-middle\" data-id=\"06e9cea\" data-element_type=\"section\" data-e-type=\"section\" data-settings=\"{&quot;background_background&quot;:&quot;slideshow&quot;,&quot;background_slideshow_gallery&quot;:[{&quot;id&quot;:149,&quot;url&quot;:&quot;https:\\\/\\\/l-artquarium.ch\\\/wp-content\\\/uploads\\\/2023\\\/05\\\/yc7otffn-0.jpg&quot;}],&quot;background_slideshow_ken_burns&quot;:&quot;yes&quot;,&quot;background_slideshow_loop&quot;:&quot;yes&quot;,&quot;background_slideshow_slide_duration&quot;:5000,&quot;background_slideshow_slide_transition&quot;:&quot;fade&quot;,&quot;background_slideshow_transition_duration&quot;:500,&quot;background_slideshow_ken_burns_zoom_direction&quot;:&quot;in&quot;}\">\n\t\t\t\t\t\t\t<div class=\"elementor-background-overlay\"><\/div>\n\t\t\t\t\t\t\t<div class=\"elementor-container elementor-column-gap-default\">\n\t\t\t\t\t<div class=\"elementor-column elementor-col-100 elementor-top-column elementor-element elementor-element-a570bee\" data-id=\"a570bee\" data-element_type=\"column\" data-e-type=\"column\">\n\t\t\t<div class=\"elementor-widget-wrap elementor-element-populated\">\n\t\t\t\t\t\t<div class=\"elementor-element elementor-element-f522944 elementor-widget elementor-widget-heading\" data-id=\"f522944\" data-element_type=\"widget\" data-e-type=\"widget\" data-widget_type=\"heading.default\">\n\t\t\t\t<div class=\"elementor-widget-container\">\n\t\t\t\t\t<h1 class=\"elementor-heading-title elementor-size-default\">Les actualit\u00e9s de l'Artquarium depuis Facebook<\/h1>\t\t\t\t<\/div>\n\t\t\t\t<\/div>\n\t\t\t\t<div class=\"elementor-element elementor-element-05d8259 elementor-widget elementor-widget-text-editor\" data-id=\"05d8259\" data-element_type=\"widget\" data-e-type=\"widget\" data-widget_type=\"text-editor.default\">\n\t\t\t\t<div class=\"elementor-widget-container\">\n\t\t\t\t\t\t\t\t\t<p>Plongez dans l&rsquo;univers de L&rsquo;Artquarium gr\u00e2ce \u00e0 cette page, qui est est votre passerelle directe vers toutes les nouveaut\u00e9s, c\u00e9l\u00e9brant les cr\u00e9ations exceptionnelles de nos \u00e9l\u00e8ves, les \u00e9v\u00e9nements \u00e0 venir et les moments forts qui rythment la vie de notre atelier d&rsquo;art.<br \/><br \/>Restez connect\u00e9s avec nous et ne manquez aucun instant de notre aventure artistique.<\/p><p>\u00c0 travers les publications et les mises \u00e0 jour de notre compte Facebook, vous d\u00e9couvrirez le quotidien inspirant de notre communaut\u00e9, partagerez les succ\u00e8s de nos \u00e9l\u00e8ves et serez les premiers inform\u00e9s de nos initiatives et projets futurs.<\/p><p>\u00a0Explorez d\u00e8s maintenant les derni\u00e8res nouvelles et laissez-vous emporter par la vague d&rsquo;inspiration et de cr\u00e9ativit\u00e9 qui caract\u00e9rise l&rsquo;Artquarium.<\/p>\t\t\t\t\t\t\t\t<\/div>\n\t\t\t\t<\/div>\n\t\t\t\t<section class=\"elementor-section elementor-inner-section elementor-element elementor-element-5d86607 elementor-section-boxed elementor-section-height-default elementor-section-height-default\" data-id=\"5d86607\" data-element_type=\"section\" data-e-type=\"section\">\n\t\t\t\t\t\t<div class=\"elementor-container elementor-column-gap-default\">\n\t\t\t\t\t<div class=\"elementor-column elementor-col-50 elementor-inner-column elementor-element elementor-element-41f4387\" data-id=\"41f4387\" data-element_type=\"column\" data-e-type=\"column\">\n\t\t\t<div class=\"elementor-widget-wrap elementor-element-populated\">\n\t\t\t\t\t\t<div class=\"elementor-element elementor-element-c11725e elementor-align-center elementor-widget elementor-widget-button\" data-id=\"c11725e\" data-element_type=\"widget\" data-e-type=\"widget\" data-widget_type=\"button.default\">\n\t\t\t\t<div class=\"elementor-widget-container\">\n\t\t\t\t\t\t\t\t\t<div class=\"elementor-button-wrapper\">\n\t\t\t\t\t<a class=\"elementor-button elementor-button-link elementor-size-sm\" href=\"https:\/\/l-artquarium.ch\/index.php\/cours\/\">\n\t\t\t\t\t\t<span class=\"elementor-button-content-wrapper\">\n\t\t\t\t\t\t\t\t\t<span class=\"elementor-button-text\">R\u00e9server un cours de dessin\/peinture<\/span>\n\t\t\t\t\t<\/span>\n\t\t\t\t\t<\/a>\n\t\t\t\t<\/div>\n\t\t\t\t\t\t\t\t<\/div>\n\t\t\t\t<\/div>\n\t\t\t\t\t<\/div>\n\t\t<\/div>\n\t\t\t\t<div class=\"elementor-column elementor-col-50 elementor-inner-column elementor-element elementor-element-b6a49af\" data-id=\"b6a49af\" data-element_type=\"column\" data-e-type=\"column\">\n\t\t\t<div class=\"elementor-widget-wrap elementor-element-populated\">\n\t\t\t\t\t\t<div class=\"elementor-element elementor-element-6865e75 elementor-align-center elementor-widget elementor-widget-button\" data-id=\"6865e75\" data-element_type=\"widget\" data-e-type=\"widget\" data-widget_type=\"button.default\">\n\t\t\t\t<div class=\"elementor-widget-container\">\n\t\t\t\t\t\t\t\t\t<div class=\"elementor-button-wrapper\">\n\t\t\t\t\t<a class=\"elementor-button elementor-button-link elementor-size-sm\" href=\"https:\/\/l-artquarium.ch\/index.php\/contact\/\">\n\t\t\t\t\t\t<span class=\"elementor-button-content-wrapper\">\n\t\t\t\t\t\t\t\t\t<span class=\"elementor-button-text\">Envoyer votre t\u00e9moignage<\/span>\n\t\t\t\t\t<\/span>\n\t\t\t\t\t<\/a>\n\t\t\t\t<\/div>\n\t\t\t\t\t\t\t\t<\/div>\n\t\t\t\t<\/div>\n\t\t\t\t\t<\/div>\n\t\t<\/div>\n\t\t\t\t\t<\/div>\n\t\t<\/section>\n\t\t\t\t\t<\/div>\n\t\t<\/div>\n\t\t\t\t\t<\/div>\n\t\t<\/section>\n\t\t\t\t<section class=\"elementor-section elementor-top-section elementor-element elementor-element-7c82753 elementor-section-full_width elementor-section-height-default elementor-section-height-default\" data-id=\"7c82753\" data-element_type=\"section\" data-e-type=\"section\">\n\t\t\t\t\t\t<div class=\"elementor-container elementor-column-gap-default\">\n\t\t\t\t\t<div class=\"elementor-column elementor-col-100 elementor-top-column elementor-element elementor-element-b90ef3f\" data-id=\"b90ef3f\" data-element_type=\"column\" data-e-type=\"column\">\n\t\t\t<div class=\"elementor-widget-wrap elementor-element-populated\">\n\t\t\t\t\t\t\t<\/div>\n\t\t<\/div>\n\t\t\t\t\t<\/div>\n\t\t<\/section>\n\t\t\t\t<\/div>\n\t\t","protected":false},"excerpt":{"rendered":"<p>Les actualit\u00e9s de l&rsquo;Artquarium depuis Facebook Plongez dans l&rsquo;univers de L&rsquo;Artquarium gr\u00e2ce \u00e0 cette page, qui est est votre passerelle directe vers toutes les nouveaut\u00e9s, c\u00e9l\u00e9brant les cr\u00e9ations exceptionnelles de nos \u00e9l\u00e8ves, les \u00e9v\u00e9nements \u00e0 venir et les moments forts qui rythment la vie de notre atelier d&rsquo;art. Restez connect\u00e9s avec nous et ne manquez [&hellip;]<\/p>\n","protected":false},"author":1,"featured_media":1397,"parent":2403,"menu_order":0,"comment_status":"closed","ping_status":"closed","template":"elementor_header_footer","meta":{"_monsterinsights_skip_tracking":false,"_monsterinsights_sitenote_active":false,"_monsterinsights_sitenote_note":"","_monsterinsights_sitenote_category":0,"footnotes":""},"class_list":["post-3003","page","type-page","status-publish","has-post-thumbnail","hentry"],"_links":{"self":[{"href":"https:\/\/l-artquarium.ch\/en\/wp-json\/wp\/v2\/pages\/3003","targetHints":{"allow":["GET"]}}],"collection":[{"href":"https:\/\/l-artquarium.ch\/en\/wp-json\/wp\/v2\/pages"}],"about":[{"href":"https:\/\/l-artquarium.ch\/en\/wp-json\/wp\/v2\/types\/page"}],"author":[{"embeddable":true,"href":"https:\/\/l-artquarium.ch\/en\/wp-json\/wp\/v2\/users\/1"}],"replies":[{"embeddable":true,"href":"https:\/\/l-artquarium.ch\/en\/wp-json\/wp\/v2\/comments?post=3003"}],"version-history":[{"count":0,"href":"https:\/\/l-artquarium.ch\/en\/wp-json\/wp\/v2\/pages\/3003\/revisions"}],"up":[{"embeddable":true,"href":"https:\/\/l-artquarium.ch\/en\/wp-json\/wp\/v2\/pages\/2403"}],"wp:featuredmedia":[{"embeddable":true,"href":"https:\/\/l-artquarium.ch\/en\/wp-json\/wp\/v2\/media\/1397"}],"wp:attachment":[{"href":"https:\/\/l-artquarium.ch\/en\/wp-json\/wp\/v2\/media?parent=3003"}],"curies":[{"name":"wp","href":"https:\/\/api.w.org\/{rel}","templated":true}]}}